{"id":2,"date":"2019-05-30T09:35:45","date_gmt":"2019-05-30T09:35:45","guid":{"rendered":"http:\/\/lanzagram.com\/?page_id=2"},"modified":"2019-06-05T20:41:35","modified_gmt":"2019-06-05T18:41:35","slug":"inicio","status":"publish","type":"page","link":"https:\/\/lanzagram.com\/en\/","title":{"rendered":"Inicio"},"content":{"rendered":"<h1>\r\n\t\tAumenta tus seguidores en Instagram de forma org\u00e1nica.\r\n\t<\/h1>\r\n\t<p>Lanzagram es una agencia de marketing especializada en Instagram. Trabajamos para empresas, emprendedores e Instagramers que quieren aumentar su visibilidad en instagram.<\/p>\r\n<p>Trabajamos para aumentar tus seguidores, likes y comentarios de una forma natural y sabiendo qui\u00e9n es tu p\u00fablico objetivo. En definitiva te ayudamos a tener m\u00e1s visibilidad para tener m\u00e1s ventas.<\/p>\r\n\t\t\t<a href=\"#more\" target=\"_self\" role=\"button\" rel=\"noopener noreferrer\">\r\n\t\t\t\t\t\t\t\u00a1Quiero comenzar a ganar seguidores!\r\n\t\t\t\t\t<\/a>\r\n\t\t\t\t<img loading=\"lazy\" decoding=\"async\" src=\"https:\/\/lanzagram.com\/wp-content\/uploads\/lanzagram-logo.png\" alt=\"Logotipo lanzagram\" itemprop=\"image\" height=\"333\" width=\"500\" title=\"lanzagram-logo\" onerror=\"this.style.display='none'\"  \/>\r\n\t\t\t\t<img loading=\"lazy\" decoding=\"async\" src=\"https:\/\/lanzagram.com\/wp-content\/uploads\/likeinstagram.png\" alt=\"Like instagram\" itemprop=\"image\" height=\"375\" width=\"500\" title=\"likeinstagram\" onerror=\"this.style.display='none'\"  \/>\r\n<h2>\r\n\t\tInstagram, la red social con mayor crecimiento\r\n\t<\/h2>\r\n\t<p>Instagram ahora la red social con mayor crecimiento en 2019, son m\u00e1s de 1000 millones de usuarios activos al mes habiendo logrado duplicar el n\u00famero de usuarios en 2 a\u00f1os.<\/p>\r\n<p>Desde Lanzagram te ayudamos a interactuar con tu p\u00fablico objetivo, haciendo crecer tu cuenta con personas reales que est\u00e1n interesadas en tu producto o servicio. Sabemos como llegar a tu audiencia y te ayudamos a encontrar seguidores de calidad.<\/p>\r\n<p>No vendemos seguidores, realizamos estrategias personalizadas dependiendo del sector y p\u00fablico de tu cuenta. Nuestra meta es conseguir que tu perfil obtenga los mejores resultados en Instagram y <strong>sabemos hacerlo<\/strong>.<\/p>\r\n<h2>\r\n\t\t\u00bfQu\u00e9 hacemos en Lanzagram?\r\n\t<\/h2>\r\n\t<p>Lanzagrow es un servicio de marketing org\u00e1nico para obtener los mejores resultado en instagram. Interactuamos con otros usuarios dependiendo de tus intereses para aumentar tu visibilidad.<\/p>\r\n<p>Ofrecemos un servicio de persona a persona, un trato cercano y dando soluci\u00f3n a todas tus dudas.<\/p>\r\n<h2>\r\n\t\t\u00bfQu\u00e9 conseguir\u00e1s con nosotros?\r\n\t<\/h2>\r\n<h2>\r\n\t\tFases de lanzamiento\r\n\t<\/h2>\r\n\t\t\t\t<img loading=\"lazy\" decoding=\"async\" src=\"https:\/\/lanzagram.com\/wp-content\/uploads\/preparando-lanzadera-150x150.png\" alt=\"Preparando lanzadera\" itemprop=\"image\" height=\"150\" width=\"150\" title=\"preparando-lanzadera\" onerror=\"this.style.display='none'\"  \/>\r\n<h3>Preparando la lanzadera<\/h3>\t\t\r\n\t\t\t<p>Cada cliente es \u00fanico, no hay dos cuentas iguales, queremos saber de ti para que no se nos escape nada, hablaremos de los detalles para conocerte mejor.<\/p>\r\n\t\t\t\t<img loading=\"lazy\" decoding=\"async\" src=\"https:\/\/lanzagram.com\/wp-content\/uploads\/cuenta-regresiva-150x150.png\" alt=\"Cuenta regresiva\" itemprop=\"image\" height=\"150\" width=\"150\" title=\"cuenta-regresiva\" onerror=\"this.style.display='none'\"  \/>\r\n<h3>Cuenta regresiva<\/h3>\t\t\r\n\t\t\t<p>En 24 horas tendremos preparada la estrategia, analizada tu cuenta, la de tu competencia y sabemos quien son tus potenciales seguidores.<\/p>\r\n\t\t\t\t<img loading=\"lazy\" decoding=\"async\" src=\"https:\/\/lanzagram.com\/wp-content\/uploads\/Ignition-1-150x150.png\" alt=\"Ignition!\" itemprop=\"image\" height=\"150\" width=\"150\" title=\"Ignition\" onerror=\"this.style.display='none'\"  \/>\r\n<h3>Ignition!<\/h3>\t\t\r\n\t\t\t<p>Esta es la parte que m\u00e1s mola, ya tenemos todo listo y comienza la campa\u00f1a, comienzan a llegar seguidores, likes&#8230;<\/p>\r\n\t<h4>Precio<\/h4>\r\n\t\t\t\t<h3>\u00a1Super Lanzado!<\/h3>\r\n\t\t\t\t<h2>\r\n\t\t\t\t\t149\u20ac\t\t\t\t\t\t\t\t\t\t\/Mes\r\n\t\t\t\t\t\t\t\t\t\t<\/h2>\r\n\t\t\t\t<ul>\r\n\t\t\t\t\t\t\t\t\t\t\t\t\t\t\t\t\t\t<li>\r\n\t\t\t\t\t\t\t\t500 \/ 4.000 seguidores mensuales*\t\t\t\t\t\t<\/li>\r\n\t\t\t\t\t\t\t\t\t\t\t\t\t\t\t\t\t\t\t\t\t\t\t\t\t<li>\r\n\t\t\t\t\t\t\t\tAgente de cuenta dedicado\t\t\t\t\t\t<\/li>\r\n\t\t\t\t\t\t\t\t\t\t\t\t\t\t\t\t\t\t\t\t\t\t\t\t\t<li>\r\n\t\t\t\t\t\t\t\tEstrategia personalizada\t\t\t\t\t\t<\/li>\r\n\t\t\t\t\t\t\t\t\t\t\t\t\t\t\t\t\t\t\t\t\t\t\t\t\t<li>\r\n\t\t\t\t\t\t\t\tSeguidores reales\t\t\t\t\t\t<\/li>\r\n\t\t\t\t\t\t\t\t\t\t\t\t\t\t\t\t\t\t\t\t\t\t\t\t\t<li>\r\n\t\t\t\t\t\t\t\tSeguidores por nicho y localizaci\u00f3n\t\t\t\t\t\t<\/li>\r\n\t\t\t\t\t\t\t\t\t\t\t\t\t\t\t\t\t\t\t\t\t\t\t\t\t<li>\r\n\t\t\t\t\t\t\t\tAtenci\u00f3n telef\u00f3nica\t\t\t\t\t\t<\/li>\r\n\t\t\t\t\t\t\t\t\t\t\t\t\t\t\t\t\t\t\t\t\t\t\t\t\t<li>\r\n\t\t\t\t\t\t\t\tInformes personalizados\t\t\t\t\t\t<\/li>\r\n\t\t\t\t\t\t\t\t\t\t\t\t\t\t\t\t\t\t\t\t\t\t\t\t\t<li>\r\n\t\t\t\t\t\t\t\tGesti\u00f3nado por personas reales\t\t\t\t\t\t<\/li>\r\n\t\t\t\t\t\t\t\t\t\t\t\t\t\t\t\t\t\t\t\t\t\t\t\t\t<li>\r\n\t\t\t\t\t\t\t\t14 d\u00edas garant\u00eda de devoluci\u00f3n\t\t\t\t\t\t<\/li>\r\n\t\t\t\t<\/ul>\r\n\t\t\t<a href=\"\" target=\"_self\"   role=\"button\" rel=\"noopener noreferrer\">\r\n\t\t\t\t\t\t\t\t\t\t\tContratar\r\n\t\t<\/a>\r\n\t\t\t\t<img decoding=\"async\" src=\"https:\/\/lanzagram.com\/wp-content\/uploads\/bb-plugin\/cache\/perfilmodaninos-circle.jpg\" alt=\"Perfil moda ni\u00f1os Barcelona\" itemprop=\"image\"\/>\r\n\t\t\t\t\t\t\t<h3 class='uabb-testimonial-author-name testimonial-author-name'>Natalia<\/h3>\t\t\t\t\t\t\t\r\n\t\t\t\t\t\t\t\tModa infatil &#8211; Barcelona\t\t\t\t\t\t\t\r\n\t\t\t\t\t\t<p>Muy contenta con el servicio recibido. La atenci\u00f3n al cliente por parte de Aitor y sus compa\u00f1eros es impecable. Servicio 100% recomedable. +1500 usuarios reales en casi 3 meses.<\/p>\t\t\t\t\t\r\n\t\t\t\t<img decoding=\"async\" src=\"https:\/\/lanzagram.com\/wp-content\/uploads\/bb-plugin\/cache\/perfilmodaninos-circle.jpg\" alt=\"Perfil moda ni\u00f1os Barcelona\" itemprop=\"image\"\/>\r\n\t\t\t\t\t\t\t<h3 class='uabb-testimonial-author-name testimonial-author-name'>Natalia<\/h3>\t\t\t\t\t\t\t\r\n\t\t\t\t\t\t\t\tModa infatil &#8211; Barcelona\t\t\t\t\t\t\t\r\n\t\t\t\t\t\t<p>Muy contenta con el servicio recibido. La atenci\u00f3n al cliente por parte de Aitor y sus compa\u00f1eros es impecable. Servicio 100% recomedable. +1500 usuarios reales en casi 3 meses.<\/p>\t\t\t\t\t\r\n\t\t\t\t<img loading=\"lazy\" decoding=\"async\" src=\"https:\/\/lanzagram.com\/wp-content\/uploads\/lanzagram-analisis-150x150.png\" alt=\"Analisis en Lanzagram\" itemprop=\"image\" height=\"150\" width=\"150\" title=\"lanzagram-analisis\" onerror=\"this.style.display='none'\"  \/>\r\n<h3>An\u00e1lisis<\/h3>\t\t\r\n\t\t\t<p>\u00a1Empecemos! Analizamos c\u00f3mo est\u00e1 tu cuenta actualmente y plantearemos la estrategia a seguir.<\/p>\r\n\t\t\t\t<img loading=\"lazy\" decoding=\"async\" src=\"https:\/\/lanzagram.com\/wp-content\/uploads\/lanzagram-revision-150x150.png\" alt=\"Revision Lanzagram\" itemprop=\"image\" height=\"150\" width=\"150\" title=\"lanzagram-revision\" onerror=\"this.style.display='none'\"  \/>\r\n<h3>Revisi\u00f3n<\/h3>\t\t\r\n\t\t\t<p>Los primeros d\u00edas son cruciales, estaremos muy pendientes de la estrategia fijada y si estamos teniendo los resultados deseados.<\/p>\r\n\t\t\t\t<img loading=\"lazy\" decoding=\"async\" src=\"https:\/\/lanzagram.com\/wp-content\/uploads\/lanzagram-ajustes-150x150.png\" alt=\"Configuraci\u00f3n Lanzagram\" itemprop=\"image\" height=\"150\" width=\"150\" title=\"lanzagram-ajustes\" onerror=\"this.style.display='none'\"  \/>\r\n<h3>Configuraci\u00f3n<\/h3>\t\t\r\n\t\t\t<p>Uno de los aspectos m\u00e1s importantes, comenzaremos con la configuraci\u00f3n de los ajustes que har\u00e1n que tu cuenta tenga \u00e9xito.<\/p>\r\n\t\t\t\t<img loading=\"lazy\" decoding=\"async\" src=\"https:\/\/lanzagram.com\/wp-content\/uploads\/lanzagram-optimizacion-150x150.png\" alt=\"Optimizacion Lanzagram\" itemprop=\"image\" height=\"150\" width=\"150\" title=\"lanzagram-optimizacion\" onerror=\"this.style.display='none'\"  \/>\r\n<h3>Optimizaci\u00f3n<\/h3>\t\t\r\n\t\t\t<p>La perfecci\u00f3n es complicada, pero queremos una cuenta optimizada y todo lo perfecta que podamos. Revisamos tu cuenta diariamente.<\/p>\r\n\t\t\t\t<img loading=\"lazy\" decoding=\"async\" src=\"https:\/\/lanzagram.com\/wp-content\/uploads\/lanzagram-activacion-150x150.png\" alt=\"Activacion Lanzagram\" itemprop=\"image\" height=\"150\" width=\"150\" title=\"lanzagram-activacion\" onerror=\"this.style.display='none'\"  \/>\r\n<h3>Activaci\u00f3n<\/h3>\t\t\r\n\t\t\t<p>Es hora de poner en marcha todo lo que sabemos, y comenzaremos con la campa\u00f1a seg\u00fan los objetivos marcados.<\/p>\r\n\t\t\t\t<img loading=\"lazy\" decoding=\"async\" src=\"https:\/\/lanzagram.com\/wp-content\/uploads\/lanzagram-reportes-150x150.png\" alt=\"Reportes Lanzagram\" itemprop=\"image\" height=\"150\" width=\"150\" title=\"lanzagram-reportes\" onerror=\"this.style.display='none'\"  \/>\r\n<h3>Reportes<\/h3>\t\t\r\n\t\t\t<p>Hacemos un seguimiento de todo, y lo reportaremos mensualmente. Revisaremos juntos el plan de acci\u00f3n del pr\u00f3ximo mes.<\/p>\r\n<h2>\r\n\t\tPreguntas frecuentes\r\n\t<\/h2>\r\n\t\t\t\t\t\t<h3>\u00bfCuantos seguidores puedo conseguir mensuales?<\/h3>\r\n\t\t\t<p>Este n\u00famero depende mucho del nicho en el que te encuentres. Podemos conseguir entre 150 y 1200 seguidores por semana, pero tienes que tener en cuenta que los resultados dependen mucho del tipo de cuenta, el nicho, contenido, periodicidad de publicaci\u00f3n. Ll\u00e1manos o contacta con nosotros y para ofrecerte una predicci\u00f3n m\u00e1s cercana seg\u00fan tu negocio.<\/p>\r\n\t\t\t\t\t\t<h3>\u00bfTendr\u00e9 seguidores falsos?<\/h3>\r\n\t\t\t<p>No, hacemos que tu cuenta sea visible para otros usuarios reales y activos en Instagram. Las personas que te sigan har\u00e1n clic voluntariamente en el bot\u00f3n de seguir de tu cuenta.<\/p>\r\n\t\t\t\t\t\t<h3>\u00bfTengo que facilitaros mi contrase\u00f1a de Instagram?<\/h3>\r\n\t\t\t<p>S\u00ed, necesitamos el acceso a tu cuenta de Instagram para as\u00ed poder interactuar con otros usuario. No cambiaremos ninguna informaci\u00f3n de tu cuenta.<\/p>\r\n\t\t\t\t\t\t<h3>\u00bfPuedo seguir usando mi cuenta aunque contrate los servicios de Lanzagram?<\/h3>\r\n\t\t\t<p>S\u00ed. Utiliza Instagram como lo has estado haciendo hasta ahora. Est\u00e1 bien que sigas haciendo como hasta ahora y regularmente, puedes interactuar con tus amigos y otras cuentas, eso nos dar\u00e1 mejores resultados. Ponte en contacto con tu asesor de cuenta si vas a utilizar otros servicios de Instagram simultaneamente.<\/p>\r\n\t\t\t\t\t\t<h3>\u00bfLanzagram tiene permanencia?<\/h3>\r\n\t\t\t<p>No, puedes cancelar tu suscripci\u00f3n en cualquier momento. \u00danicamente tienes que ponerte en contacto con tu administraci\u00f3n de cuenta y decirle que no deseas continuar con el servicio. <strong>Ofrecemos una garant\u00eda de satisfacci\u00f3n de 14 d\u00edas, si en ese tiempo no est\u00e1s satisfecho te haremos un reembolso total del dinero<\/strong>.<\/p>\r\n\t\t\t\t\t\t<h3>\u00bfC\u00f3mo contrato el servicio?<\/h3>\r\n\t\t\t<p>Es muy sencillo, \u00fanicamente tienes que completar el formulario de registro. R\u00e1pidamente nos pondremos en contacto contigo para activar tu cuenta y resolver cualquier duda que puedas tener, en 24 horas realizaremos un an\u00e1lisis de tu cuenta y te explicaremos la estrategia que seguiremos. Ser\u00e1 entonces cuando tendr\u00e1s que realizar el primer pago.<\/p>\r\n\t\t<h3>Your chance for an awesome experience<\/h3>\r\n\t\t<p>Get your e-book in your inbox today.<\/p>\r\n\t\t\t<a href=\"#home\" target=\"_self\" role=\"button\" rel=\"noopener noreferrer\">\r\n\t\t\t\t\t\tBuy book now !\r\n\t\t\t\t\t<\/a>","protected":false},"excerpt":{"rendered":"<p>Aumenta tus seguidores en Instagram de forma org\u00e1nica. Lanzagram es una agencia de marketing especializada en Instagram. Trabajamos para empresas, emprendedores e Instagramers que quieren aumentar su visibilidad en instagram. Trabajamos para aumentar tus seguidores, likes y comentarios de una forma natural y sabiendo qui\u00e9n es tu p\u00fablico objetivo. En definitiva te ayudamos a tener &hellip;<\/p>","protected":false},"author":2,"featured_media":0,"parent":0,"menu_order":0,"comment_status":"closed","ping_status":"open","template":"template-page-builder.php","meta":{"_genesis_hide_title":false,"_genesis_hide_breadcrumbs":false,"_genesis_hide_singular_image":false,"_genesis_hide_footer_widgets":false,"_genesis_custom_body_class":"","_genesis_custom_post_class":"","_genesis_layout":"full-width-content","footnotes":""},"class_list":{"0":"post-2","1":"page","2":"type-page","3":"status-publish","5":"entry"},"_links":{"self":[{"href":"https:\/\/lanzagram.com\/en\/wp-json\/wp\/v2\/pages\/2","targetHints":{"allow":["GET"]}}],"collection":[{"href":"https:\/\/lanzagram.com\/en\/wp-json\/wp\/v2\/pages"}],"about":[{"href":"https:\/\/lanzagram.com\/en\/wp-json\/wp\/v2\/types\/page"}],"author":[{"embeddable":true,"href":"https:\/\/lanzagram.com\/en\/wp-json\/wp\/v2\/users\/2"}],"replies":[{"embeddable":true,"href":"https:\/\/lanzagram.com\/en\/wp-json\/wp\/v2\/comments?post=2"}],"version-history":[{"count":34,"href":"https:\/\/lanzagram.com\/en\/wp-json\/wp\/v2\/pages\/2\/revisions"}],"predecessor-version":[{"id":78,"href":"https:\/\/lanzagram.com\/en\/wp-json\/wp\/v2\/pages\/2\/revisions\/78"}],"wp:attachment":[{"href":"https:\/\/lanzagram.com\/en\/wp-json\/wp\/v2\/media?parent=2"}],"curies":[{"name":"wp","href":"https:\/\/api.w.org\/{rel}","templated":true}]}}